{"id":445,"date":"2016-10-12T12:22:32","date_gmt":"2016-10-12T12:22:32","guid":{"rendered":"https:\/\/checkmypaycheck.com\/es\/?page_id=445"},"modified":"2016-10-12T12:22:32","modified_gmt":"2016-10-12T12:22:32","slug":"negante","status":"publish","type":"page","link":"https:\/\/checkmypaycheck.com\/es\/negante\/","title":{"rendered":"Negante"},"content":{"rendered":"<p><strong>Publicidad de Abogados de exenci\u00f3n de responsabilidad<\/strong><\/p>\n<p>El material en este sitio web ha sido preparado y es con derechos de autor por Phillips Dayes Law Firm, P.C. y Donahoo &#038; Associates, PC. El material es s\u00f3lo con fines informativos y no constituye asesoramiento legal. El material no se garantiza que sea correcto, completo o actualizado. La prevista informaci\u00f3n o citado a terceras partes no necesariamente refleja la opini\u00f3n de Phillips Dayes Law Firm, P. C. y Donahoo &#038; Associates, PC o cualquiera de sus abogados o clientes.<\/p>\n<p>Phillips Dayes Law Firm, P. C. y Donahoo &#038; Associates, PC ser\u00e1n, en la medida permitida por la ley, proteger su nombre y la informaci\u00f3n confidencial contra su revelaci\u00f3n, publicaci\u00f3n o uso no autorizado.<\/p>\n<p><strong>Jurisdicciones en las que nuestros abogados est\u00e1n con licencia para practicar<\/strong><\/p>\n<p>Phillips Dayes Law Firm, P. C. y Donahoo &#038; Associates, PC tienen oficinas en Phoenix, Tucson, Salt Lake City, San Diego, San Francisco, Tustin, y Albuquerque. Los miembros de las empresas practican en los tribunales federales de distrito de los Estados Unidos. Los miembros de las empresas tienen licencia para practicar en Arizona, California y Utah. Tambi\u00e9n tenemos afiliaciones en casos particulares con los abogados con licencia para practicar en casi todos los tribunales del estado en los Estados Unidos. Individuales Phillips Dayes Law Firm, P. C. y Donahoo &#038; Associates, PC abogados tienen licencia para ejercer en el estado (s) enumerado en sus perfiles de abogados individuales.<\/p>\n<p><strong>Exenci\u00f3n de responsabilidad en la formaci\u00f3n del contrato<\/strong><\/p>\n<p>Su recepci\u00f3n de la informaci\u00f3n en este sitio web no pretende crear, y el recibo no constituye un contrato de representaci\u00f3n por Phillips Dayes Law Firm, P. C. y Donahoo &#038; Associates, PC. Esta informaci\u00f3n no pretende sustituir a la obtenci\u00f3n de asesoramiento legal de un abogado. Ninguna persona debe actuar o confiar en cualquier informaci\u00f3n contenida en este sitio sin buscar el consejo de un abogado.<\/p>\n<p>Tenga en cuenta que el env\u00edo de un mensaje de correo electr\u00f3nico a Phillips Dayes Law Firm, P. C. y Donahoo &#038; Associates, PC no obliga contractualmente a Phillips Dayes Law Firm, P. C. y Donahoo &#038; Associates, PC para que lo represente como su abogado. Bufete de abogados Phillips Dayes Law Firm, P. C. y Donahoo &#038; Associates, PC no pueden servir como su asesor en cualquier asunto a menos que nuestra firma y usted acepta expresamente, por escrito, de que vamos a servir como su abogado.<br \/>\n<strong>Estatuto de limitaciones Aviso<\/strong><\/p>\n<p>Debe tener en cuenta que el estatuto de limitaciones (la fecha de l\u00edmite impuesta por la ley dentro del cual es posible presentar una demanda) puede limitar seriamente el tiempo que queda para que usted pueda presentar posibles reclamaciones que pueda tener.<br \/>\n<strong>Este es un anuncio de publicidad<\/strong><\/p>\n<p>Este sitio web puede ser considerado como publicidad en algunas jurisdicciones en virtud de la legislaci\u00f3n aplicable y las normas \u00e9ticas. La determinaci\u00f3n de la necesidad de servicios legales y la elecci\u00f3n de un abogado son decisiones extremadamente importantes y no debe basarse \u00fanicamente en la publicidad o la experiencia autoproclamada. No se hace que la calidad de los servicios jur\u00eddicos que se realizar\u00e1n es mayor que la calidad de los servicios jur\u00eddicos realizados por otros abogados.<\/p>\n<p><strong>Informaci\u00f3n de Antecedentes gratuita est\u00e1  disponible al pedir<\/strong><\/p>\n<p>Todos los clientes potenciales se les insta a hacer su propia investigaci\u00f3n independiente y la evaluaci\u00f3n de las credenciales de cualquier abogado y la capacidad de ser considerados, y no confiar en la publicidad o la experiencia autoproclamada. Antes de decidirse a contratarnos, pida que le enviemos informaci\u00f3n escrita sobre nuestras calificaciones y experiencia. Nuestros abogados no est\u00e1n certificados como especialistas en cualquier campo particular de la ley.<\/p>\n<p><strong>Phillips Dayes Law Firm, P.C. y Donahoo &#038; Associates, PC No ofrecen garant\u00edas de Resultados de Casos<\/strong><\/p>\n<p>Cada asunto legal es diferente. El resultado de cada caso legal depende de muchos factores, incluyendo los hechos del caso, y ning\u00fan abogado puede garantizar un resultado positivo en cualquier caso particular. Cualquier testimonio o respaldo no constituye una garant\u00eda, garant\u00eda o predicci\u00f3n sobre el resultado de su asunto legal. Los resultados anteriores no garantizan un resultado similar.<br \/>\n<strong>Aviso sobre honorarios contingentes<\/strong><\/p>\n<p>Phillips Dayes Law Firm, P.C. y Donahoo &#038; Associates, PC representan a sus clientes en ciertos casos en una base de honorarios contingentes. En tales casos, ning\u00fan cargo ser\u00e1 cobrado en la ausencia de recuperaci\u00f3n. Sin embargo, en el caso de un fallo adverso o decisi\u00f3n, el litigante honorario contingente puede ser responsable de los costos del tribunal. En ciertas circunstancias, el litigante honorario contingente tambi\u00e9n puede ser responsable del pago de los honorarios y \/ o costos de los abogados de la parte contraria.<\/p>\n<p><strong>Abogado Principal designado con la responsabilidad de Sitio Web<\/strong><\/p>\n<p>Por medida de reglas del State Bar nos obligan a designar una oficina principal y \/ o de un solo abogado responsable de este sitio, Phillips Dayes Law Firm, P.C. y Donahoo &#038; Associates, PC han designado a Trey Dayes, Phillips Dayes Law Firm P.C.,3101 North Central Avenue, Suite 1100, Phoenix, Arizona 85012, (602) 288-1610, como el abogado responsable de este sitio.<\/p>\n","protected":false},"excerpt":{"rendered":"<p>Publicidad de Abogados de exenci\u00f3n de responsabilidad El material en este sitio web ha sido preparado y es con derechos de autor por Phillips Dayes Law Firm, P.C. y Donahoo &#038; Associates, PC. El material es s\u00f3lo con fines informativos y no constituye asesoramiento legal. El material no se garantiza que sea correcto, completo o &hellip; <a href=\"https:\/\/checkmypaycheck.com\/es\/negante\/\" class=\"more-link\">Continue reading<span class=\"screen-reader-text\"> &#8220;Negante&#8221;<\/span><\/a><\/p>\n","protected":false},"author":1,"featured_media":0,"parent":0,"menu_order":0,"comment_status":"closed","ping_status":"closed","template":"","meta":{"_exactmetrics_skip_tracking":false,"_exactmetrics_sitenote_active":false,"_exactmetrics_sitenote_note":"","_exactmetrics_sitenote_category":0,"footnotes":""},"class_list":["post-445","page","type-page","status-publish","hentry"],"_links":{"self":[{"href":"https:\/\/checkmypaycheck.com\/es\/wp-json\/wp\/v2\/pages\/445","targetHints":{"allow":["GET"]}}],"collection":[{"href":"https:\/\/checkmypaycheck.com\/es\/wp-json\/wp\/v2\/pages"}],"about":[{"href":"https:\/\/checkmypaycheck.com\/es\/wp-json\/wp\/v2\/types\/page"}],"author":[{"embeddable":true,"href":"https:\/\/checkmypaycheck.com\/es\/wp-json\/wp\/v2\/users\/1"}],"replies":[{"embeddable":true,"href":"https:\/\/checkmypaycheck.com\/es\/wp-json\/wp\/v2\/comments?post=445"}],"version-history":[{"count":1,"href":"https:\/\/checkmypaycheck.com\/es\/wp-json\/wp\/v2\/pages\/445\/revisions"}],"predecessor-version":[{"id":446,"href":"https:\/\/checkmypaycheck.com\/es\/wp-json\/wp\/v2\/pages\/445\/revisions\/446"}],"wp:attachment":[{"href":"https:\/\/checkmypaycheck.com\/es\/wp-json\/wp\/v2\/media?parent=445"}],"curies":[{"name":"wp","href":"https:\/\/api.w.org\/{rel}","templated":true}]}}