{"id":450,"date":"2016-07-25T06:44:52","date_gmt":"2016-07-25T06:44:52","guid":{"rendered":"https:\/\/checkmypaycheck.com\/es\/?page_id=450"},"modified":"2016-10-12T12:52:26","modified_gmt":"2016-10-12T12:52:26","slug":"pagina-de-inicio","status":"publish","type":"page","link":"https:\/\/checkmypaycheck.com\/es\/","title":{"rendered":"P\u00e1gina de inicio"},"content":{"rendered":"<p>El c\u00e1lculo de su pago adecuado puede ser dif\u00edcil. Es posible que tenga horas variables o turnos diferentes. Es posible que trabajes horas extras o trabajo a destajo. Es el trabajo de su empleador para darle un tal\u00f3n de cheque que indique claramente su salario adecuado.<\/p>\n<p>A veces es f\u00e1cil saber si hay un problema con su cheque de pago. A veces se necesita un experto en Derechos Laborales de California. Vamos a revisar su cheque de pago para buscar errores relacionados con las horas extras, el trabajo mal clasificado, bajo pago y desglose.<\/p>\n","protected":false},"excerpt":{"rendered":"<p>El c\u00e1lculo de su pago adecuado puede ser dif\u00edcil. Es posible que tenga horas variables o turnos diferentes. Es posible que trabajes horas extras o trabajo a destajo. Es el trabajo de su empleador para darle un tal\u00f3n de cheque que indique claramente su salario adecuado. A veces es f\u00e1cil saber si hay un problema &hellip; <a href=\"https:\/\/checkmypaycheck.com\/es\/\" class=\"more-link\">Continue reading<span class=\"screen-reader-text\"> &#8220;P\u00e1gina de inicio&#8221;<\/span><\/a><\/p>\n","protected":false},"author":1,"featured_media":206,"parent":0,"menu_order":0,"comment_status":"closed","ping_status":"closed","template":"main.php","meta":{"_exactmetrics_skip_tracking":false,"_exactmetrics_sitenote_active":false,"_exactmetrics_sitenote_note":"","_exactmetrics_sitenote_category":0,"footnotes":""},"class_list":["post-450","page","type-page","status-publish","has-post-thumbnail","hentry"],"_links":{"self":[{"href":"https:\/\/checkmypaycheck.com\/es\/wp-json\/wp\/v2\/pages\/450","targetHints":{"allow":["GET"]}}],"collection":[{"href":"https:\/\/checkmypaycheck.com\/es\/wp-json\/wp\/v2\/pages"}],"about":[{"href":"https:\/\/checkmypaycheck.com\/es\/wp-json\/wp\/v2\/types\/page"}],"author":[{"embeddable":true,"href":"https:\/\/checkmypaycheck.com\/es\/wp-json\/wp\/v2\/users\/1"}],"replies":[{"embeddable":true,"href":"https:\/\/checkmypaycheck.com\/es\/wp-json\/wp\/v2\/comments?post=450"}],"version-history":[{"count":3,"href":"https:\/\/checkmypaycheck.com\/es\/wp-json\/wp\/v2\/pages\/450\/revisions"}],"predecessor-version":[{"id":530,"href":"https:\/\/checkmypaycheck.com\/es\/wp-json\/wp\/v2\/pages\/450\/revisions\/530"}],"wp:featuredmedia":[{"embeddable":true,"href":"https:\/\/checkmypaycheck.com\/es\/wp-json\/wp\/v2\/media\/206"}],"wp:attachment":[{"href":"https:\/\/checkmypaycheck.com\/es\/wp-json\/wp\/v2\/media?parent=450"}],"curies":[{"name":"wp","href":"https:\/\/api.w.org\/{rel}","templated":true}]}}